{"id":1249,"date":"2026-02-27T09:21:42","date_gmt":"2026-02-27T09:21:42","guid":{"rendered":"https:\/\/carlavall.com\/servicios\/"},"modified":"2026-03-10T18:56:12","modified_gmt":"2026-03-10T18:56:12","slug":"serveis","status":"publish","type":"page","link":"https:\/\/carlavall.com\/ca\/serveis\/","title":{"rendered":"Serveis"},"content":{"rendered":"<div>\n<h3>Viol\u00e8ncies<br \/>masclistes<\/h3>\n<div>\n<h4>Defensa de dones i menors d\u2019edat v\u00edctimes de viol\u00e8ncies masclistes en qualsevol \u00e0mbit, entre els quals:<br \/>\n<\/h4>\n<ul>\n<li>Viol\u00e8ncia vic\u00e0ria<\/li>\n<li>Viol\u00e8ncies f\u00edsiques, sexuals, psicol\u00f2giques i econ\u00f2miques en l\u2019\u00e0mbit de la parella o exparella<\/li>\n<li>Agressions sexuals<\/li>\n<li>Discriminacions per ra\u00f3 de g\u00e8nere, orientaci\u00f3 sexual o identitat de g\u00e8nere en qualsevol \u00e0mbit<\/li>\n<li>Homicidis i assassinats\n<\/li>\n<\/ul>\n<\/div>\n<p><a href=\"https:\/\/carlavall.com\/ca\/contacte\/\">T&#8217;ajudem <span class=\"uk-margin-xsmall-left\" uk-icon=\"icon: plus; ratio: 1.9\"><\/a><\/p>\n<\/div>\n<div>\n<h3>Dret<br \/>penal<\/h3>\n<div>\n<h4>Delictes en qu\u00e8 ens especialitzem:<br \/>\n<\/h4>\n<ul>\n<li>Delictes d\u2019homicidi i assassinat<\/li>\n<li>Delictes d\u2019inducci\u00f3 al su\u00efcidi<\/li>\n<li>Delictes contra la llibertat i indemnitat sexual<\/li>\n<li>Delictes relatius al dret a l\u2019avortament<\/li>\n<li>Delictes contra la llibertat d\u2019expressi\u00f3 i opini\u00f3<\/li>\n<li>Delictes de lesions, coaccions, tortures i tractes inhumans o degradants<\/li>\n<li>Delictes contra l\u2019ordre p\u00fablic<\/li>\n<li>Delictes de cal\u00famnies i inj\u00faries<\/li>\n<li>Viol\u00e8ncies masclistes<\/li>\n<li>Litigaci\u00f3 estrat\u00e8gica\n<\/li>\n<\/ul>\n<\/div>\n<p><a href=\"https:\/\/carlavall.com\/ca\/contacte\/\">T&#8217;ajudem <span class=\"uk-margin-xsmall-left\" uk-icon=\"icon: plus; ratio: 1.9\"><\/a><\/p>\n<\/div>\n<div>\n<h3>Dret<br \/>de fam\u00edlia<\/h3>\n<div>\n<h4>Divorcis, separacions i modificacions de mesures i altres q\u00fcestions de dret de fam\u00edlia:<br \/>\n<\/h4>\n<ul>\n<li>Divorcis, separacions i modificacions de mesures<\/li>\n<li>Reclamaci\u00f3 civil de la pensi\u00f3 d\u2019aliments<\/li>\n<li>Controv\u00e8rsies sobre la potestat parental\n<\/li>\n<\/ul>\n<\/div>\n<p><a href=\"https:\/\/carlavall.com\/ca\/contacte\/\">T&#8217;ajudem <span class=\"uk-margin-xsmall-left\" uk-icon=\"icon: plus; ratio: 1.9\"><\/a><\/p>\n<\/div>\n<div>\n<h3>Plans d&#8217;igualtat,<br \/>protocols,<br \/>formaci\u00f3<br \/>i pon\u00e8ncies<\/h3>\n<div>\n<h4>Totes les membres de l\u2019equip tenim una \u00e0mplia experi\u00e8ncia en assessorament:<\/h4>\n<ul>\n<li>Disseny de pol\u00edtiques locals amb perspectiva de g\u00e8nere<\/li>\n<li>Disseny de plans de prevenci\u00f3 de les viol\u00e8ncies masclistes<\/li>\n<li>Disseny de plans de seguretat en mat\u00e8ria de viol\u00e8ncies masclistes<\/li>\n<li>Elaboraci\u00f3 de plans municipals de pol\u00edtiques d\u2019igualtat entre dones i homes<\/li>\n<li>Elaboraci\u00f3 de plans d\u2019igualtat interns per a administracions i empreses<\/li>\n<li>Elaboraci\u00f3 i\/o revisi\u00f3 de protocols per a la prevenci\u00f3, detecci\u00f3 i abordatge d\u2019agressions sexuals en espais d\u2019oci<\/li>\n<li>Elaboraci\u00f3 i\/o revisi\u00f3 de protocols per a la prevenci\u00f3, detecci\u00f3 i abordatge de l\u2019assetjament sexual o per ra\u00f3 de sexe en l\u2019\u00e0mbit laboral i pol\u00edtic<\/li>\n<\/ul>\n<h4>Tamb\u00e9 oferim formaci\u00f3, pon\u00e8ncies i confer\u00e8ncies:<br \/>\n<\/h4>\n<ul>\n<li>Formaci\u00f3 b\u00e0sica en dret penal per a no juristes<\/li>\n<li>Formaci\u00f3 per a funcionariat de l\u2019Administraci\u00f3 de Just\u00edcia<\/li>\n<li>Formaci\u00f3 a cossos policials i personal d\u2019emerg\u00e8ncies<\/li>\n<li>Formaci\u00f3 per a personal sanitari<\/li>\n<li>Formaci\u00f3 a organismes municipals<\/li>\n<\/ul>\n<\/div>\n<p><a href=\"https:\/\/carlavall.com\/ca\/contacte\/\">T&#8217;ajudem <span class=\"uk-margin-xsmall-left\" uk-icon=\"icon: plus; ratio: 1.9\"><\/a><\/p>\n<\/div>\n<div>\n<h3>Guions<br \/>i obres<\/h3>\n<div>\n<h4>Acompanyem el sector audiovisual:<br \/>\n<\/h4>\n<ul>\n<li>Assessorem professionals del gui\u00f3 i la direcci\u00f3 audiovisual per incorporar la perspectiva de g\u00e8nere en la creaci\u00f3 d\u2019obres de cinema, documentals, s\u00e8ries, teatre, podcasts, etc.\n<\/li>\n<\/ul>\n<\/div>\n<p><a href=\"https:\/\/carlavall.com\/ca\/contacte\/\">T&#8217;ajudem <span class=\"uk-margin-xsmall-left\" uk-icon=\"icon: plus; ratio: 1.9\"><\/a><\/p>\n<\/div>\n<p><!--more--><br \/>\n<!-- {\"type\":\"layout\",\"children\":[{\"type\":\"section\",\"props\":{\"css\":\"@media (max-width: 639px) {\\n    .el-section > div[class*=\\\"uk-background\\\"] {\\n        background-image: url('https:\/\/carlavall.com\/wp-content\/uploads\/2026\/03\/bg_esquerra_m.jpg') !important;\\n    }\\n}\",\"header_transparent\":true,\"header_transparent_noplaceholder\":false,\"image\":\"wp-content\/uploads\/2026\/03\/bg_esquerra.jpg\",\"image_effect\":\"fixed\",\"image_loading\":true,\"image_position\":\"top-center\",\"image_size\":\"width-1-1\",\"style\":\"\",\"title_breakpoint\":\"xl\",\"title_position\":\"top-left\",\"title_rotation\":\"left\",\"vertical_align\":\"middle\",\"width\":\"large\"},\"children\":[{\"type\":\"row\",\"props\":{\"css\":\".el-row{padding-top:70px;}\",\"id\":\"violencia\",\"margin_bottom\":\"large\",\"margin_top\":\"large\"},\"children\":[{\"type\":\"column\",\"props\":{\"image_position\":\"center-center\",\"position_sticky_breakpoint\":\"m\",\"style\":\"card-primary\"},\"children\":[{\"type\":\"panel\",\"props\":{\"content\":\"\n\n<h4>Defensa de dones i menors d\u2019edat v\u00edctimes de viol\u00e8ncies masclistes en qualsevol \u00e0mbit, entre els quals:\\n<\/h4>\n\n\\n\\n\n\n<ul>\\n    \n\n<li>Viol\u00e8ncia vic\u00e0ria<\/li>\n\n\\n\n\n<li>Viol\u00e8ncies f\u00edsiques, sexuals, psicol\u00f2giques i econ\u00f2miques en l\u2019\u00e0mbit de la parella o exparella<\/li>\n\n\\n\n\n<li>Agressions sexuals<\/li>\n\n\\n\n\n<li>Discriminacions per ra\u00f3 de g\u00e8nere, orientaci\u00f3 sexual o identitat de g\u00e8nere en qualsevol \u00e0mbit<\/li>\n\n\\n\n\n<li>Homicidis i assassinats\\n<\/li>\n\n\\n<\/ul>\n\n\",\"content_column_breakpoint\":\"m\",\"content_margin_auto\":false,\"content_style\":\"text-small\",\"css\":\".el-link {\\n    display: table;\\n    margin-left: auto;\\n}\\n\\n.el-link { position: absolute;\\n      bottom: -30px;\\n      right: -30px;\\n      }\\n.el-element{\\n    padding-bottom:25px;\\n}\\n@media (max-width: 639px) {\\n    \/* Tu c\u00f3digo aqu\u00ed *\/\\n    .el-link {\\n        font-size: 15px;\\n    }\\n}\\n.el-content{max-width:850px;}\",\"image_align\":\"top\",\"image_grid_breakpoint\":\"m\",\"image_grid_width\":\"1-2\",\"image_svg_color\":\"emphasis\",\"link\":\"ca\/contacte\/\",\"link_size\":\"large\",\"link_style\":\"default\",\"link_text\":\"T'ajudem <span class=\\\"uk-margin-xsmall-left\\\" uk-icon=\\\"icon: plus; ratio: 1.9\\\">\",\"margin_bottom\":\"default\",\"margin_top\":\"default\",\"meta_align\":\"below-title\",\"meta_element\":\"div\",\"meta_style\":\"text-meta\",\"title\":\"Viol\u00e8ncies<br \/>masclistes\",\"title_align\":\"left\",\"title_element\":\"h3\",\"title_grid_breakpoint\":\"m\",\"title_grid_width\":\"1-4\",\"title_hover_style\":\"reset\",\"title_style\":\"h1\"}}]}]},{\"type\":\"row\",\"props\":{\"id\":\"penal\",\"margin_bottom\":\"large\",\"margin_top\":\"large\"},\"children\":[{\"type\":\"column\",\"props\":{\"image_position\":\"center-center\",\"position_sticky_breakpoint\":\"m\",\"style\":\"card-primary\"},\"children\":[{\"type\":\"panel\",\"props\":{\"content\":\"\n\n<h4>Delictes en qu\u00e8 ens especialitzem:\\n<\/h4>\n\n\\n\\n\n\n<ul>\\n    \n\n<li>Delictes d\u2019homicidi i assassinat<\/li>\n\n\\n\n\n<li>Delictes d\u2019inducci\u00f3 al su\u00efcidi<\/li>\n\n\\n\n\n<li>Delictes contra la llibertat i indemnitat sexual<\/li>\n\n\\n\n\n<li>Delictes relatius al dret a l\u2019avortament<\/li>\n\n\\n\n\n<li>Delictes contra la llibertat d\u2019expressi\u00f3 i opini\u00f3<\/li>\n\n\\n\n\n<li>Delictes de lesions, coaccions, tortures i tractes inhumans o degradants<\/li>\n\n\\n\n\n<li>Delictes contra l\u2019ordre p\u00fablic<\/li>\n\n\\n\n\n<li>Delictes de cal\u00famnies i inj\u00faries<\/li>\n\n\\n\n\n<li>Viol\u00e8ncies masclistes<\/li>\n\n\\n\n\n<li>Litigaci\u00f3 estrat\u00e8gica\\n<\/li>\n\n\\n<\/ul>\n\n\",\"content_column_breakpoint\":\"m\",\"content_style\":\"text-small\",\"css\":\".el-link {\\n    display: table;\\n    margin-left: auto;\\n}\\n\\n.el-link { position: absolute;\\n      bottom: -30px;\\n      right: -30px;\\n      }\\n.el-element{\\n    padding-bottom:25px;\\n}\\n@media (max-width: 639px) {\\n    \/* Tu c\u00f3digo aqu\u00ed *\/\\n    .el-link {\\n        font-size: 15px;\\n    }\\n}\\n.el-content{max-width:850px;}\",\"image_align\":\"top\",\"image_grid_breakpoint\":\"m\",\"image_grid_width\":\"1-2\",\"image_svg_color\":\"emphasis\",\"link\":\"ca\/contacte\/\",\"link_size\":\"large\",\"link_style\":\"default\",\"link_text\":\"T'ajudem <span class=\\\"uk-margin-xsmall-left\\\" uk-icon=\\\"icon: plus; ratio: 1.9\\\">\",\"margin_bottom\":\"default\",\"margin_top\":\"default\",\"meta_align\":\"below-title\",\"meta_element\":\"div\",\"meta_style\":\"text-meta\",\"title\":\"Dret<br \/>penal\",\"title_align\":\"left\",\"title_element\":\"h3\",\"title_grid_breakpoint\":\"m\",\"title_grid_width\":\"1-4\",\"title_hover_style\":\"reset\",\"title_style\":\"h1\"}}]}]},{\"type\":\"row\",\"props\":{\"id\":\"familia\",\"margin_bottom\":\"large\",\"margin_top\":\"large\"},\"children\":[{\"type\":\"column\",\"props\":{\"image_position\":\"center-center\",\"position_sticky_breakpoint\":\"m\",\"style\":\"card-primary\"},\"children\":[{\"type\":\"panel\",\"props\":{\"content\":\"\n\n<h4>Divorcis, separacions i modificacions de mesures i altres q\u00fcestions de dret de fam\u00edlia:\\n<\/h4>\n\n\\n\\n\n\n<ul>\\n    \n\n<li>Divorcis, separacions i modificacions de mesures<\/li>\n\n\\n\n\n<li>Reclamaci\u00f3 civil de la pensi\u00f3 d\u2019aliments<\/li>\n\n\\n\n\n<li>Controv\u00e8rsies sobre la potestat parental\\n<\/li>\n\n\\n<\/ul>\n\n\",\"content_column_breakpoint\":\"m\",\"content_style\":\"text-small\",\"css\":\".el-link {\\n    display: table;\\n    margin-left: auto;\\n}\\n\\n.el-link { position: absolute;\\n      bottom: -30px;\\n      right: -30px;\\n      }\\n.el-element{\\n    padding-bottom:25px;\\n}\\n@media (max-width: 639px) {\\n    \/* Tu c\u00f3digo aqu\u00ed *\/\\n    .el-link {\\n        font-size: 15px;\\n    }\\n}\\n.el-content{max-width:850px;}\",\"image_align\":\"top\",\"image_grid_breakpoint\":\"m\",\"image_grid_width\":\"1-2\",\"image_svg_color\":\"emphasis\",\"link\":\"ca\/contacte\/\",\"link_size\":\"large\",\"link_style\":\"default\",\"link_text\":\"T'ajudem <span class=\\\"uk-margin-xsmall-left\\\" uk-icon=\\\"icon: plus; ratio: 1.9\\\">\",\"margin_bottom\":\"default\",\"margin_top\":\"default\",\"meta_align\":\"below-title\",\"meta_element\":\"div\",\"meta_style\":\"text-meta\",\"title\":\"Dret<br \/>de fam\u00edlia\",\"title_align\":\"left\",\"title_element\":\"h3\",\"title_grid_breakpoint\":\"m\",\"title_grid_width\":\"1-4\",\"title_hover_style\":\"reset\",\"title_style\":\"h1\"}}]}]},{\"type\":\"row\",\"props\":{\"id\":\"assesoria\",\"margin_bottom\":\"large\",\"margin_top\":\"large\"},\"children\":[{\"type\":\"column\",\"props\":{\"image_position\":\"center-center\",\"position_sticky_breakpoint\":\"m\",\"style\":\"card-primary\"},\"children\":[{\"type\":\"panel\",\"props\":{\"content\":\"\n\n<h4>Totes les membres de l\u2019equip tenim una \u00e0mplia experi\u00e8ncia en assessorament:<\/h4>\n\n\\n\\n\n\n<ul>\\n    \n\n<li>Disseny de pol\u00edtiques locals amb perspectiva de g\u00e8nere<\/li>\n\n\\n\n\n<li>Disseny de plans de prevenci\u00f3 de les viol\u00e8ncies masclistes<\/li>\n\n\\n\n\n<li>Disseny de plans de seguretat en mat\u00e8ria de viol\u00e8ncies masclistes<\/li>\n\n\\n\n\n<li>Elaboraci\u00f3 de plans municipals de pol\u00edtiques d\u2019igualtat entre dones i homes<\/li>\n\n\\n\n\n<li>Elaboraci\u00f3 de plans d\u2019igualtat interns per a administracions i empreses<\/li>\n\n\\n\n\n<li>Elaboraci\u00f3 i\/o revisi\u00f3 de protocols per a la prevenci\u00f3, detecci\u00f3 i abordatge d\u2019agressions sexuals en espais d\u2019oci<\/li>\n\n\\n\n\n<li>Elaboraci\u00f3 i\/o revisi\u00f3 de protocols per a la prevenci\u00f3, detecci\u00f3 i abordatge de l\u2019assetjament sexual o per ra\u00f3 de sexe en l\u2019\u00e0mbit laboral i pol\u00edtic<\/li>\n\n\\n<\/ul>\n\n\\n\\n\n\n<h4>Tamb\u00e9 oferim formaci\u00f3, pon\u00e8ncies i confer\u00e8ncies:\\n<\/h4>\n\n\\n\\n\n\n<ul>\\n\n\n<li>Formaci\u00f3 b\u00e0sica en dret penal per a no juristes<\/li>\n\n\\n\n\n<li>Formaci\u00f3 per a funcionariat de l\u2019Administraci\u00f3 de Just\u00edcia<\/li>\n\n\\n\n\n<li>Formaci\u00f3 a cossos policials i personal d\u2019emerg\u00e8ncies<\/li>\n\n\\n\n\n<li>Formaci\u00f3 per a personal sanitari<\/li>\n\n\\n\n\n<li>Formaci\u00f3 a organismes municipals<\/li>\n\n\\n    \\n<\/ul>\n\n\",\"content_column_breakpoint\":\"m\",\"content_style\":\"text-small\",\"css\":\".el-link {\\n    display: table;\\n    margin-left: auto;\\n}\\n\\n.el-link { position: absolute;\\n      bottom: -30px;\\n      right: -30px;\\n      }\\n.el-element{\\n    padding-bottom:25px;\\n}\\n@media (max-width: 639px) {\\n    \/* Tu c\u00f3digo aqu\u00ed *\/\\n    .el-link {\\n        font-size: 15px;\\n    }\\n}\\n.el-content{max-width:850px;}\",\"image_align\":\"top\",\"image_grid_breakpoint\":\"m\",\"image_grid_width\":\"1-2\",\"image_svg_color\":\"emphasis\",\"link\":\"ca\/contacte\/\",\"link_size\":\"large\",\"link_style\":\"default\",\"link_text\":\"T'ajudem <span class=\\\"uk-margin-xsmall-left\\\" uk-icon=\\\"icon: plus; ratio: 1.9\\\">\",\"margin_bottom\":\"default\",\"margin_top\":\"default\",\"meta_align\":\"below-title\",\"meta_element\":\"div\",\"meta_style\":\"text-meta\",\"title\":\"Plans d'igualtat,<br \/>protocols,<br \/>formaci\u00f3<br \/>i pon\u00e8ncies\",\"title_align\":\"left\",\"title_element\":\"h3\",\"title_grid_breakpoint\":\"m\",\"title_grid_width\":\"1-4\",\"title_hover_style\":\"reset\",\"title_style\":\"h1\"}}]}]},{\"type\":\"row\",\"props\":{\"id\":\"guions\",\"margin_bottom\":\"large\",\"margin_top\":\"large\"},\"children\":[{\"type\":\"column\",\"props\":{\"image_position\":\"center-center\",\"position_sticky_breakpoint\":\"m\",\"style\":\"card-primary\"},\"children\":[{\"type\":\"panel\",\"props\":{\"content\":\"\n\n<h4>Acompanyem el sector audiovisual:\\n<\/h4>\n\n\\n\\n\n\n<ul>\\n    \n\n<li>Assessorem professionals del gui\u00f3 i la direcci\u00f3 audiovisual per incorporar la perspectiva de g\u00e8nere en la creaci\u00f3 d\u2019obres de cinema, documentals, s\u00e8ries, teatre, podcasts, etc.\\n<\/li>\n\n\\n    \\n<\/ul>\n\n\",\"content_column_breakpoint\":\"m\",\"content_style\":\"text-small\",\"css\":\".el-link {\\n    display: table;\\n    margin-left: auto;\\n}\\n\\n.el-link { position: absolute;\\n      bottom: -30px;\\n      right: -30px;\\n      }\\n.el-element{\\n    padding-bottom:25px;\\n}\\n@media (max-width: 639px) {\\n    \/* Tu c\u00f3digo aqu\u00ed *\/\\n    .el-link {\\n        font-size: 15px;\\n    }\\n}\\n.el-content{max-width:850px;}\",\"image_align\":\"top\",\"image_grid_breakpoint\":\"m\",\"image_grid_width\":\"1-2\",\"image_svg_color\":\"emphasis\",\"link\":\"ca\/contacte\/\",\"link_size\":\"large\",\"link_style\":\"default\",\"link_text\":\"T'ajudem <span class=\\\"uk-margin-xsmall-left\\\" uk-icon=\\\"icon: plus; ratio: 1.9\\\">\",\"margin_bottom\":\"default\",\"margin_top\":\"default\",\"meta_align\":\"below-title\",\"meta_element\":\"div\",\"meta_style\":\"text-meta\",\"title\":\"Guions<br \/>i obres\",\"title_align\":\"left\",\"title_element\":\"h3\",\"title_grid_breakpoint\":\"m\",\"title_grid_width\":\"1-4\",\"title_hover_style\":\"reset\",\"title_style\":\"h1\"}}]}]}]}],\"version\":\"5.0.18\"} --><\/p>\n","protected":false},"excerpt":{"rendered":"<p>Viol\u00e8nciesmasclistes Defensa de dones i menors d\u2019edat v\u00edctimes de viol\u00e8ncies masclistes en qualsevol \u00e0mbit, entre els quals: Viol\u00e8ncia vic\u00e0ria Viol\u00e8ncies f\u00edsiques, sexuals, psicol\u00f2giques i econ\u00f2miques en l\u2019\u00e0mbit de la parella o exparella Agressions sexuals Discriminacions per ra\u00f3 de g\u00e8nere, orientaci\u00f3 sexual o identitat de g\u00e8nere en qualsevol \u00e0mbit Homicidis i assassinats T&#8217;ajudem Dretpenal Delictes en [&hellip;]<\/p>\n","protected":false},"author":1,"featured_media":0,"parent":0,"menu_order":0,"comment_status":"closed","ping_status":"closed","template":"","meta":{"footnotes":""},"class_list":["post-1249","page","type-page","status-publish","hentry"],"yoast_head":"<!-- This site is optimized with the Yoast SEO plugin v27.1.1 - https:\/\/yoast.com\/product\/yoast-seo-wordpress\/ -->\n<title>Serveis - Carla Vall<\/title>\n<meta name=\"robots\" content=\"index, follow, max-snippet:-1, max-image-preview:large, max-video-preview:-1\" \/>\n<link rel=\"canonical\" href=\"https:\/\/carlavall.com\/ca\/serveis\/\" \/>\n<meta property=\"og:locale\" content=\"ca_ES\" \/>\n<meta property=\"og:type\" content=\"article\" \/>\n<meta property=\"og:title\" content=\"Serveis - Carla Vall\" \/>\n<meta property=\"og:description\" content=\"Viol\u00e8nciesmasclistes Defensa de dones i menors d\u2019edat v\u00edctimes de viol\u00e8ncies masclistes en qualsevol \u00e0mbit, entre els quals: Viol\u00e8ncia vic\u00e0ria Viol\u00e8ncies f\u00edsiques, sexuals, psicol\u00f2giques i econ\u00f2miques en l\u2019\u00e0mbit de la parella o exparella Agressions sexuals Discriminacions per ra\u00f3 de g\u00e8nere, orientaci\u00f3 sexual o identitat de g\u00e8nere en qualsevol \u00e0mbit Homicidis i assassinats T&#8217;ajudem Dretpenal Delictes en [&hellip;]\" \/>\n<meta property=\"og:url\" content=\"https:\/\/carlavall.com\/ca\/serveis\/\" \/>\n<meta property=\"og:site_name\" content=\"Carla Vall\" \/>\n<meta property=\"article:modified_time\" content=\"2026-03-10T18:56:12+00:00\" \/>\n<meta name=\"twitter:card\" content=\"summary_large_image\" \/>\n<meta name=\"twitter:label1\" content=\"Temps estimat de lectura\" \/>\n\t<meta name=\"twitter:data1\" content=\"2 minuts\" \/>\n<script type=\"application\/ld+json\" class=\"yoast-schema-graph\">{\"@context\":\"https:\/\/schema.org\",\"@graph\":[{\"@type\":\"WebPage\",\"@id\":\"https:\/\/carlavall.com\/ca\/serveis\/\",\"url\":\"https:\/\/carlavall.com\/ca\/serveis\/\",\"name\":\"Serveis - Carla Vall\",\"isPartOf\":{\"@id\":\"https:\/\/carlavall.com\/ca\/#website\"},\"datePublished\":\"2026-02-27T09:21:42+00:00\",\"dateModified\":\"2026-03-10T18:56:12+00:00\",\"breadcrumb\":{\"@id\":\"https:\/\/carlavall.com\/ca\/serveis\/#breadcrumb\"},\"inLanguage\":\"ca\",\"potentialAction\":[{\"@type\":\"ReadAction\",\"target\":[\"https:\/\/carlavall.com\/ca\/serveis\/\"]}]},{\"@type\":\"BreadcrumbList\",\"@id\":\"https:\/\/carlavall.com\/ca\/serveis\/#breadcrumb\",\"itemListElement\":[{\"@type\":\"ListItem\",\"position\":1,\"name\":\"Portada\",\"item\":\"https:\/\/carlavall.com\/ca\/\"},{\"@type\":\"ListItem\",\"position\":2,\"name\":\"Serveis\"}]},{\"@type\":\"WebSite\",\"@id\":\"https:\/\/carlavall.com\/ca\/#website\",\"url\":\"https:\/\/carlavall.com\/ca\/\",\"name\":\"Carla Vall\",\"description\":\"Abogacia desde el compromiso con la justicia social.\",\"potentialAction\":[{\"@type\":\"SearchAction\",\"target\":{\"@type\":\"EntryPoint\",\"urlTemplate\":\"https:\/\/carlavall.com\/ca\/?s={search_term_string}\"},\"query-input\":{\"@type\":\"PropertyValueSpecification\",\"valueRequired\":true,\"valueName\":\"search_term_string\"}}],\"inLanguage\":\"ca\"}]}<\/script>\n<!-- \/ Yoast SEO plugin. -->","yoast_head_json":{"title":"Serveis - Carla Vall","robots":{"index":"index","follow":"follow","max-snippet":"max-snippet:-1","max-image-preview":"max-image-preview:large","max-video-preview":"max-video-preview:-1"},"canonical":"https:\/\/carlavall.com\/ca\/serveis\/","og_locale":"ca_ES","og_type":"article","og_title":"Serveis - Carla Vall","og_description":"Viol\u00e8nciesmasclistes Defensa de dones i menors d\u2019edat v\u00edctimes de viol\u00e8ncies masclistes en qualsevol \u00e0mbit, entre els quals: Viol\u00e8ncia vic\u00e0ria Viol\u00e8ncies f\u00edsiques, sexuals, psicol\u00f2giques i econ\u00f2miques en l\u2019\u00e0mbit de la parella o exparella Agressions sexuals Discriminacions per ra\u00f3 de g\u00e8nere, orientaci\u00f3 sexual o identitat de g\u00e8nere en qualsevol \u00e0mbit Homicidis i assassinats T&#8217;ajudem Dretpenal Delictes en [&hellip;]","og_url":"https:\/\/carlavall.com\/ca\/serveis\/","og_site_name":"Carla Vall","article_modified_time":"2026-03-10T18:56:12+00:00","twitter_card":"summary_large_image","twitter_misc":{"Temps estimat de lectura":"2 minuts"},"schema":{"@context":"https:\/\/schema.org","@graph":[{"@type":"WebPage","@id":"https:\/\/carlavall.com\/ca\/serveis\/","url":"https:\/\/carlavall.com\/ca\/serveis\/","name":"Serveis - Carla Vall","isPartOf":{"@id":"https:\/\/carlavall.com\/ca\/#website"},"datePublished":"2026-02-27T09:21:42+00:00","dateModified":"2026-03-10T18:56:12+00:00","breadcrumb":{"@id":"https:\/\/carlavall.com\/ca\/serveis\/#breadcrumb"},"inLanguage":"ca","potentialAction":[{"@type":"ReadAction","target":["https:\/\/carlavall.com\/ca\/serveis\/"]}]},{"@type":"BreadcrumbList","@id":"https:\/\/carlavall.com\/ca\/serveis\/#breadcrumb","itemListElement":[{"@type":"ListItem","position":1,"name":"Portada","item":"https:\/\/carlavall.com\/ca\/"},{"@type":"ListItem","position":2,"name":"Serveis"}]},{"@type":"WebSite","@id":"https:\/\/carlavall.com\/ca\/#website","url":"https:\/\/carlavall.com\/ca\/","name":"Carla Vall","description":"Abogacia desde el compromiso con la justicia social.","potentialAction":[{"@type":"SearchAction","target":{"@type":"EntryPoint","urlTemplate":"https:\/\/carlavall.com\/ca\/?s={search_term_string}"},"query-input":{"@type":"PropertyValueSpecification","valueRequired":true,"valueName":"search_term_string"}}],"inLanguage":"ca"}]}},"_links":{"self":[{"href":"https:\/\/carlavall.com\/ca\/wp-json\/wp\/v2\/pages\/1249","targetHints":{"allow":["GET"]}}],"collection":[{"href":"https:\/\/carlavall.com\/ca\/wp-json\/wp\/v2\/pages"}],"about":[{"href":"https:\/\/carlavall.com\/ca\/wp-json\/wp\/v2\/types\/page"}],"author":[{"embeddable":true,"href":"https:\/\/carlavall.com\/ca\/wp-json\/wp\/v2\/users\/1"}],"replies":[{"embeddable":true,"href":"https:\/\/carlavall.com\/ca\/wp-json\/wp\/v2\/comments?post=1249"}],"version-history":[{"count":13,"href":"https:\/\/carlavall.com\/ca\/wp-json\/wp\/v2\/pages\/1249\/revisions"}],"predecessor-version":[{"id":1938,"href":"https:\/\/carlavall.com\/ca\/wp-json\/wp\/v2\/pages\/1249\/revisions\/1938"}],"wp:attachment":[{"href":"https:\/\/carlavall.com\/ca\/wp-json\/wp\/v2\/media?parent=1249"}],"curies":[{"name":"wp","href":"https:\/\/api.w.org\/{rel}","templated":true}]}}