{"id":1247,"date":"2026-02-27T09:22:05","date_gmt":"2026-02-27T09:22:05","guid":{"rendered":"https:\/\/carlavall.com\/faq\/"},"modified":"2026-03-09T20:36:32","modified_gmt":"2026-03-09T20:36:32","slug":"faq","status":"publish","type":"page","link":"https:\/\/carlavall.com\/ca\/faq\/","title":{"rendered":"FAQ"},"content":{"rendered":"<ul>\n<li>\n<h3>Quins serveis oferim? <\/h3>\n<div>\n<p>Carla Vall \u00e9s especialista en la defensa de v\u00edctimes de viol\u00e8ncies masclistes, viol\u00e8ncia sexual i vic\u00e0ria. A m\u00e9s, ofereix serveis d\u2019assessoria, formaci\u00f3 i pon\u00e8ncies, dret penal i dret de fam\u00edlia.<\/p>\n<\/div>\n<\/li>\n<li>\n<h3>Com puc contactar amb l\u2019equip de la Carla Vall? <\/h3>\n<div>\n<p>Podeu posar-vos en contacte a trav\u00e9s del correu electr\u00f2nic secretaria@carlavall.com o trucant al +34 696 04 87 27.<\/p>\n<\/div>\n<\/li>\n<li>\n<h3>On es troba el despatx de la Carla Vall? <\/h3>\n<div>\n<p>El despatx es troba al carrer Val\u00e8ncia, 227 4t 1a, a Barcelona.<\/p>\n<\/div>\n<\/li>\n<li>\n<h3>Carla Vall ofereix serveis fora de Barcelona? <\/h3>\n<div>\n<p>S\u00ed, treballa en tot l\u2019Estat espanyol en processos de dret penal.<\/p>\n<\/div>\n<\/li>\n<li>\n<h3>Com puc sol\u00b7licitar una primera reuni\u00f3? <\/h3>\n<div>\n<p>Per concertar una primera reuni\u00f3, podeu contactar a trav\u00e9s del correu electr\u00f2nic secretaria@carlavall.com o b\u00e9 trucant al +34 696 04 87 27.<\/p>\n<\/div>\n<\/li>\n<li>\n<h3>Carla Vall ofereix formaci\u00f3 per a professionals? <\/h3>\n<div>\n<p>S\u00ed, ofereix formaci\u00f3 per a professionals, aix\u00ed com assessoria a institucions,  organitzacions i empreses sobre l\u2019abordatge i prevenci\u00f3 de les viol\u00e8ncies.<\/p>\n<\/div>\n<\/li>\n<li>\n<h3>Quina \u00e9s l\u2019experi\u00e8ncia de Carla Vall en aquest camp? <\/h3>\n<div>\n<p>Carla Vall porta m\u00e9s de 15 anys dedicant-se professionalment a defensar els drets de les persones, especialment els de les dones i els infants.<\/p>\n<\/div>\n<\/li>\n<li>\n<h3>Com treballa l\u2019equip de Carla Vall? <\/h3>\n<div>\n<p>Cada situaci\u00f3 personal \u00e9s \u00fanica, i per aix\u00f2 considerem essencial tenir una primera reuni\u00f3 per con\u00e8ixer en profunditat cada cas. Les advocades que us acompanyaran estan molt especialitzades en dret penal i en pol\u00edtiques de g\u00e8nere.<\/p>\n<\/div>\n<\/li>\n<li>\n<h3>Oferiu serveis d\u2019assist\u00e8ncia psicol\u00f2gica? <\/h3>\n<div>\n<p>S\u00ed. Treballem amb equips psicol\u00f2gics de primer nivell, ja que creiem fermament que el proc\u00e9s penal transcorre paral\u00b7lelament a la recuperaci\u00f3 personal.<\/p>\n<\/div>\n<\/li>\n<li>\n<h3>On puc trobar m\u00e9s informaci\u00f3 sobre la viol\u00e8ncia vic\u00e0ria? <\/h3>\n<div>\n<p>Podeu visitar el lloc web <a href=\"http:\/\/www.violenciavicaria.cat\/\" target=\"_blank\" rel=\"noopener\">www.violenciavicaria.cat<\/a>, on trobareu el meu curs en obert sobre la viol\u00e8ncia vic\u00e0ria.<\/p>\n<\/div>\n<\/li>\n<\/ul>\n<p><!--more--><br \/>\n<!-- {\"type\":\"layout\",\"children\":[{\"type\":\"section\",\"props\":{\"css\":\"@media (max-width: 639px) {\\n    .el-section > div[class*=\\\"uk-background\\\"] {\\n        background-image: url('https:\/\/carlavall.com\/wp-content\/uploads\/2026\/03\/bg_esquerra_m.jpg') !important;\\n    }\\n}\",\"header_transparent\":true,\"image\":\"wp-content\/uploads\/2026\/03\/bg_esquerra.jpg\",\"image_effect\":\"fixed\",\"image_position\":\"top-center\",\"image_size\":\"width-1-1\",\"style\":\"default\",\"title_breakpoint\":\"xl\",\"title_position\":\"top-left\",\"title_rotation\":\"left\",\"vertical_align\":\"middle\",\"width\":\"default\"},\"children\":[{\"type\":\"row\",\"children\":[{\"type\":\"column\",\"props\":{\"image_position\":\"center-center\",\"position_sticky_breakpoint\":\"m\"},\"children\":[{\"type\":\"accordion\",\"props\":{\"collapsible\":true,\"content_column_breakpoint\":\"m\",\"css\":\"@media (max-width: 639px) {\\n    \/* Tu c\u00f3digo aqu\u00ed *\/\\n    .el-title {\\n        font-size: 18px;\\n    }\\n}\",\"image_align\":\"top\",\"image_grid_breakpoint\":\"m\",\"image_grid_width\":\"1-2\",\"image_svg_color\":\"emphasis\",\"link_style\":\"default\",\"link_text\":\"Read more\",\"show_image\":true,\"show_link\":true},\"children\":[{\"type\":\"accordion_item\",\"props\":{\"content\":\"\n\n<p>Carla Vall \u00e9s especialista en la defensa de v\u00edctimes de viol\u00e8ncies masclistes, viol\u00e8ncia sexual i vic\u00e0ria. A m\u00e9s, ofereix serveis d\u2019assessoria, formaci\u00f3 i pon\u00e8ncies, dret penal i dret de fam\u00edlia.<\/p>\n\n\",\"title\":\"Quins serveis oferim? \"}},{\"type\":\"accordion_item\",\"props\":{\"content\":\"\n\n<p>Podeu posar-vos en contacte a trav\u00e9s del correu electr\u00f2nic secretaria@carlavall.com o trucant al +34 696 04 87 27.<\/p>\n\n\",\"title\":\"Com puc contactar amb l\u2019equip de la Carla Vall? \"}},{\"type\":\"accordion_item\",\"props\":{\"content\":\"\n\n<p>El despatx es troba al carrer Val\u00e8ncia, 227 4t 1a, a Barcelona.<\/p>\n\n\",\"title\":\"On es troba el despatx de la Carla Vall? \"}},{\"type\":\"accordion_item\",\"props\":{\"content\":\"\n\n<p>S\u00ed, treballa en tot l\u2019Estat espanyol en processos de dret penal.<\/p>\n\n\",\"title\":\"Carla Vall ofereix serveis fora de Barcelona? \"}},{\"type\":\"accordion_item\",\"props\":{\"content\":\"\n\n<p>Per concertar una primera reuni\u00f3, podeu contactar a trav\u00e9s del correu electr\u00f2nic secretaria@carlavall.com o b\u00e9 trucant al +34 696 04 87 27.<\/p>\n\n\",\"title\":\"Com puc sol\u00b7licitar una primera reuni\u00f3? \"}},{\"type\":\"accordion_item\",\"props\":{\"content\":\"\n\n<p>S\u00ed, ofereix formaci\u00f3 per a professionals, aix\u00ed com assessoria a institucions,  organitzacions i empreses sobre l\u2019abordatge i prevenci\u00f3 de les viol\u00e8ncies.<\/p>\n\n\",\"title\":\"Carla Vall ofereix formaci\u00f3 per a professionals? \"}},{\"type\":\"accordion_item\",\"props\":{\"content\":\"\n\n<p>Carla Vall porta m\u00e9s de 15 anys dedicant-se professionalment a defensar els drets de les persones, especialment els de les dones i els infants.<\/p>\n\n\",\"title\":\"Quina \u00e9s l\u2019experi\u00e8ncia de Carla Vall en aquest camp? \"}},{\"type\":\"accordion_item\",\"props\":{\"content\":\"\n\n<p>Cada situaci\u00f3 personal \u00e9s \u00fanica, i per aix\u00f2 considerem essencial tenir una primera reuni\u00f3 per con\u00e8ixer en profunditat cada cas. Les advocades que us acompanyaran estan molt especialitzades en dret penal i en pol\u00edtiques de g\u00e8nere.<\/p>\n\n\",\"title\":\"Com treballa l\u2019equip de Carla Vall? \"}},{\"type\":\"accordion_item\",\"props\":{\"content\":\"\n\n<p>S\u00ed. Treballem amb equips psicol\u00f2gics de primer nivell, ja que creiem fermament que el proc\u00e9s penal transcorre paral\u00b7lelament a la recuperaci\u00f3 personal.<\/p>\n\n\",\"title\":\"Oferiu serveis d\u2019assist\u00e8ncia psicol\u00f2gica? \"}},{\"type\":\"accordion_item\",\"props\":{\"content\":\"\n\n<p>Podeu visitar el lloc web <a href=\\\"http:\/\/www.violenciavicaria.cat\/\\\" target=\\\"_blank\\\" rel=\\\"noopener\\\">www.violenciavicaria.cat<\/a>, on trobareu el meu curs en obert sobre la viol\u00e8ncia vic\u00e0ria.<\/p>\n\n\",\"title\":\"On puc trobar m\u00e9s informaci\u00f3 sobre la viol\u00e8ncia vic\u00e0ria? \"}}]}]}]}]}],\"version\":\"5.0.18\"} --><\/p>\n","protected":false},"excerpt":{"rendered":"<p>Quins serveis oferim? Carla Vall \u00e9s especialista en la defensa de v\u00edctimes de viol\u00e8ncies masclistes, viol\u00e8ncia sexual i vic\u00e0ria. A m\u00e9s, ofereix serveis d\u2019assessoria, formaci\u00f3 i pon\u00e8ncies, dret penal i dret de fam\u00edlia. Com puc contactar amb l\u2019equip de la Carla Vall? Podeu posar-vos en contacte a trav\u00e9s del correu electr\u00f2nic secretaria@carlavall.com o trucant al [&hellip;]<\/p>\n","protected":false},"author":1,"featured_media":0,"parent":0,"menu_order":0,"comment_status":"closed","ping_status":"closed","template":"","meta":{"footnotes":""},"class_list":["post-1247","page","type-page","status-publish","hentry"],"yoast_head":"<!-- This site is optimized with the Yoast SEO plugin v27.1.1 - https:\/\/yoast.com\/product\/yoast-seo-wordpress\/ -->\n<title>FAQ - Carla Vall<\/title>\n<meta name=\"robots\" content=\"index, follow, max-snippet:-1, max-image-preview:large, max-video-preview:-1\" \/>\n<link rel=\"canonical\" href=\"https:\/\/carlavall.com\/ca\/faq\/\" \/>\n<meta property=\"og:locale\" content=\"ca_ES\" \/>\n<meta property=\"og:type\" content=\"article\" \/>\n<meta property=\"og:title\" content=\"FAQ - Carla Vall\" \/>\n<meta property=\"og:description\" content=\"Quins serveis oferim? Carla Vall \u00e9s especialista en la defensa de v\u00edctimes de viol\u00e8ncies masclistes, viol\u00e8ncia sexual i vic\u00e0ria. A m\u00e9s, ofereix serveis d\u2019assessoria, formaci\u00f3 i pon\u00e8ncies, dret penal i dret de fam\u00edlia. Com puc contactar amb l\u2019equip de la Carla Vall? Podeu posar-vos en contacte a trav\u00e9s del correu electr\u00f2nic secretaria@carlavall.com o trucant al [&hellip;]\" \/>\n<meta property=\"og:url\" content=\"https:\/\/carlavall.com\/ca\/faq\/\" \/>\n<meta property=\"og:site_name\" content=\"Carla Vall\" \/>\n<meta property=\"article:modified_time\" content=\"2026-03-09T20:36:32+00:00\" \/>\n<meta name=\"twitter:card\" content=\"summary_large_image\" \/>\n<meta name=\"twitter:label1\" content=\"Temps estimat de lectura\" \/>\n\t<meta name=\"twitter:data1\" content=\"2 minuts\" \/>\n<script type=\"application\/ld+json\" class=\"yoast-schema-graph\">{\"@context\":\"https:\/\/schema.org\",\"@graph\":[{\"@type\":\"WebPage\",\"@id\":\"https:\/\/carlavall.com\/ca\/faq\/\",\"url\":\"https:\/\/carlavall.com\/ca\/faq\/\",\"name\":\"FAQ - Carla Vall\",\"isPartOf\":{\"@id\":\"https:\/\/carlavall.com\/ca\/#website\"},\"datePublished\":\"2026-02-27T09:22:05+00:00\",\"dateModified\":\"2026-03-09T20:36:32+00:00\",\"breadcrumb\":{\"@id\":\"https:\/\/carlavall.com\/ca\/faq\/#breadcrumb\"},\"inLanguage\":\"ca\",\"potentialAction\":[{\"@type\":\"ReadAction\",\"target\":[\"https:\/\/carlavall.com\/ca\/faq\/\"]}]},{\"@type\":\"BreadcrumbList\",\"@id\":\"https:\/\/carlavall.com\/ca\/faq\/#breadcrumb\",\"itemListElement\":[{\"@type\":\"ListItem\",\"position\":1,\"name\":\"Portada\",\"item\":\"https:\/\/carlavall.com\/ca\/\"},{\"@type\":\"ListItem\",\"position\":2,\"name\":\"FAQ\"}]},{\"@type\":\"WebSite\",\"@id\":\"https:\/\/carlavall.com\/ca\/#website\",\"url\":\"https:\/\/carlavall.com\/ca\/\",\"name\":\"Carla Vall\",\"description\":\"Abogacia desde el compromiso con la justicia social.\",\"potentialAction\":[{\"@type\":\"SearchAction\",\"target\":{\"@type\":\"EntryPoint\",\"urlTemplate\":\"https:\/\/carlavall.com\/ca\/?s={search_term_string}\"},\"query-input\":{\"@type\":\"PropertyValueSpecification\",\"valueRequired\":true,\"valueName\":\"search_term_string\"}}],\"inLanguage\":\"ca\"}]}<\/script>\n<!-- \/ Yoast SEO plugin. -->","yoast_head_json":{"title":"FAQ - Carla Vall","robots":{"index":"index","follow":"follow","max-snippet":"max-snippet:-1","max-image-preview":"max-image-preview:large","max-video-preview":"max-video-preview:-1"},"canonical":"https:\/\/carlavall.com\/ca\/faq\/","og_locale":"ca_ES","og_type":"article","og_title":"FAQ - Carla Vall","og_description":"Quins serveis oferim? Carla Vall \u00e9s especialista en la defensa de v\u00edctimes de viol\u00e8ncies masclistes, viol\u00e8ncia sexual i vic\u00e0ria. A m\u00e9s, ofereix serveis d\u2019assessoria, formaci\u00f3 i pon\u00e8ncies, dret penal i dret de fam\u00edlia. Com puc contactar amb l\u2019equip de la Carla Vall? Podeu posar-vos en contacte a trav\u00e9s del correu electr\u00f2nic secretaria@carlavall.com o trucant al [&hellip;]","og_url":"https:\/\/carlavall.com\/ca\/faq\/","og_site_name":"Carla Vall","article_modified_time":"2026-03-09T20:36:32+00:00","twitter_card":"summary_large_image","twitter_misc":{"Temps estimat de lectura":"2 minuts"},"schema":{"@context":"https:\/\/schema.org","@graph":[{"@type":"WebPage","@id":"https:\/\/carlavall.com\/ca\/faq\/","url":"https:\/\/carlavall.com\/ca\/faq\/","name":"FAQ - Carla Vall","isPartOf":{"@id":"https:\/\/carlavall.com\/ca\/#website"},"datePublished":"2026-02-27T09:22:05+00:00","dateModified":"2026-03-09T20:36:32+00:00","breadcrumb":{"@id":"https:\/\/carlavall.com\/ca\/faq\/#breadcrumb"},"inLanguage":"ca","potentialAction":[{"@type":"ReadAction","target":["https:\/\/carlavall.com\/ca\/faq\/"]}]},{"@type":"BreadcrumbList","@id":"https:\/\/carlavall.com\/ca\/faq\/#breadcrumb","itemListElement":[{"@type":"ListItem","position":1,"name":"Portada","item":"https:\/\/carlavall.com\/ca\/"},{"@type":"ListItem","position":2,"name":"FAQ"}]},{"@type":"WebSite","@id":"https:\/\/carlavall.com\/ca\/#website","url":"https:\/\/carlavall.com\/ca\/","name":"Carla Vall","description":"Abogacia desde el compromiso con la justicia social.","potentialAction":[{"@type":"SearchAction","target":{"@type":"EntryPoint","urlTemplate":"https:\/\/carlavall.com\/ca\/?s={search_term_string}"},"query-input":{"@type":"PropertyValueSpecification","valueRequired":true,"valueName":"search_term_string"}}],"inLanguage":"ca"}]}},"_links":{"self":[{"href":"https:\/\/carlavall.com\/ca\/wp-json\/wp\/v2\/pages\/1247","targetHints":{"allow":["GET"]}}],"collection":[{"href":"https:\/\/carlavall.com\/ca\/wp-json\/wp\/v2\/pages"}],"about":[{"href":"https:\/\/carlavall.com\/ca\/wp-json\/wp\/v2\/types\/page"}],"author":[{"embeddable":true,"href":"https:\/\/carlavall.com\/ca\/wp-json\/wp\/v2\/users\/1"}],"replies":[{"embeddable":true,"href":"https:\/\/carlavall.com\/ca\/wp-json\/wp\/v2\/comments?post=1247"}],"version-history":[{"count":9,"href":"https:\/\/carlavall.com\/ca\/wp-json\/wp\/v2\/pages\/1247\/revisions"}],"predecessor-version":[{"id":1392,"href":"https:\/\/carlavall.com\/ca\/wp-json\/wp\/v2\/pages\/1247\/revisions\/1392"}],"wp:attachment":[{"href":"https:\/\/carlavall.com\/ca\/wp-json\/wp\/v2\/media?parent=1247"}],"curies":[{"name":"wp","href":"https:\/\/api.w.org\/{rel}","templated":true}]}}